{"id":74,"date":"2017-12-19T16:39:39","date_gmt":"2017-12-19T16:39:39","guid":{"rendered":"http:\/\/localhost\/weblusol\/?post_type=product&#038;p=74"},"modified":"2023-05-24T19:24:10","modified_gmt":"2023-05-24T22:24:10","slug":"protector-de-ladrillos-y-tejas","status":"publish","type":"product","link":"https:\/\/lusol.wunapps.com\/index.php\/producto\/protector-de-ladrillos-y-tejas\/","title":{"rendered":"Protector de Ladrillos y Tejas"},"content":{"rendered":"","protected":false},"excerpt":{"rendered":"<h2><span style=\"color: #ff7d23;\"><strong>PROTECTOR DE LADRILLOS Y TEJAS<\/strong><\/span><\/h2>\n<ul>\n<li style=\"text-align: left;\">Repele el agua y la humedad<\/li>\n<li style=\"text-align: left;\">Impregnante siliconado, no genera pel\u00edcula<\/li>\n<li style=\"text-align: left;\">Previene la formaci\u00f3n de hongos y algas<\/li>\n<li style=\"text-align: left;\">Conserva el aspecto y color natural de la superficie<\/li>\n<\/ul>\n<p>Impregnante siliconado destinado a hidrofugar superficies altamente absorbentes al agua de lluvia, produciendo una barrera impermeable. Contribuye en forma directa a evitar la formaci\u00f3n de hongos sobre las paredes y evitar la disoluci\u00f3n de sales alcalinas que son trasladadas a la superficie en forma de manchas blanquecinas. Al mantener completamente seca la superficie contribuye a la aislaci\u00f3n t\u00e9rmica de las paredes. Mantiene el aspecto natural, sin modificar su apariencia original, de superficies verticales interiores y exteriores de ladrillo a la vista, bolseados enrasados, hormig\u00f3n, bloques de hormig\u00f3n premoldeados, fibrocemento, revoques, tejas, piedras, lajas y cer\u00e1micos no esmaltados.<\/p>\n<p><img loading=\"lazy\" decoding=\"async\" class=\"alignnone wp-image-210\" src=\"https:\/\/lusol.wunapps.com\/wp-content\/uploads\/2017\/12\/Transparente.png\" alt=\"\" width=\"151\" height=\"118\" \/><\/p>\n<table class=\"aligncenter\">\n<tbody>\n<tr>\n<th style=\"text-align: center;\">Rendimiento<\/th>\n<th>Secado<\/th>\n<th>Acabado<\/th>\n<\/tr>\n<tr>\n<td>1L cada 4m2<br \/>\n(trabajo terminado)<\/td>\n<td>2 horas<br \/>\nNo dejar secar entre manos<\/td>\n<td>Conserva el aspecto original de la superficie<\/td>\n<\/tr>\n<\/tbody>\n<\/table>\n<p><a class=\"btn btn-dark\" href=\"https:\/\/lusol.wunapps.com\/wp-content\/uploads\/2017\/12\/FICHA-TECNICA-LUSOL_LADRILLOS-Y-TEJAS.pdf\" target=\"_blank\" rel=\"noopener\">Ver ficha t\u00e9cnica<\/a><\/p>\n","protected":false},"featured_media":246,"template":"","meta":{"_acf_changed":false},"product_brand":[],"product_cat":[25],"product_tag":[],"class_list":{"0":"post-74","1":"product","2":"type-product","3":"status-publish","4":"has-post-thumbnail","6":"product_cat-especialidades","8":"first","9":"instock","10":"shipping-taxable","11":"product-type-simple"},"acf":[],"yoast_head":"<!-- This site is optimized with the Yoast SEO plugin v26.5 - https:\/\/yoast.com\/wordpress\/plugins\/seo\/ -->\n<title>Protector de Ladrillos y Tejas - Lusol<\/title>\n<meta name=\"robots\" content=\"index, follow, max-snippet:-1, max-image-preview:large, max-video-preview:-1\" \/>\n<link rel=\"canonical\" href=\"https:\/\/lusol.wunapps.com\/index.php\/producto\/protector-de-ladrillos-y-tejas\/\" \/>\n<meta property=\"og:locale\" content=\"es_ES\" \/>\n<meta property=\"og:type\" content=\"article\" \/>\n<meta property=\"og:title\" content=\"Protector de Ladrillos y Tejas - Lusol\" \/>\n<meta property=\"og:description\" content=\"PROTECTOR DE LADRILLOS Y TEJAS   Repele el agua y la humedad  Impregnante siliconado, no genera pel\u00edcula  Previene la formaci\u00f3n de hongos y algas  Conserva el aspecto y color natural de la superficie  Impregnante siliconado destinado a hidrofugar superficies altamente absorbentes al agua de lluvia, produciendo una barrera impermeable. Contribuye en forma directa a evitar la formaci\u00f3n de hongos sobre las paredes y evitar la disoluci\u00f3n de sales alcalinas que son trasladadas a la superficie en forma de manchas blanquecinas. Al mantener completamente seca la superficie contribuye a la aislaci\u00f3n t\u00e9rmica de las paredes. Mantiene el aspecto natural, sin modificar su apariencia original, de superficies verticales interiores y exteriores de ladrillo a la vista, bolseados enrasados, hormig\u00f3n, bloques de hormig\u00f3n premoldeados, fibrocemento, revoques, tejas, piedras, lajas y cer\u00e1micos no esmaltados.      Rendimiento Secado Acabado   1L cada 4m2 (trabajo terminado) 2 horas No dejar secar entre manos Conserva el aspecto original de la superficie    Ver ficha t\u00e9cnica\" \/>\n<meta property=\"og:url\" content=\"https:\/\/lusol.wunapps.com\/index.php\/producto\/protector-de-ladrillos-y-tejas\/\" \/>\n<meta property=\"og:site_name\" content=\"LUSOL Pinturas\" \/>\n<meta property=\"article:modified_time\" content=\"2023-05-24T22:24:10+00:00\" \/>\n<meta property=\"og:image\" content=\"https:\/\/lusol.wunapps.com\/wp-content\/uploads\/2018\/01\/LUSOL-Protector-de-ladrillos-y-tejas-2-scaled.jpg\" \/>\n\t<meta property=\"og:image:width\" content=\"2455\" \/>\n\t<meta property=\"og:image:height\" content=\"2560\" \/>\n\t<meta property=\"og:image:type\" content=\"image\/jpeg\" \/>\n<meta name=\"twitter:card\" content=\"summary_large_image\" \/>\n<script type=\"application\/ld+json\" class=\"yoast-schema-graph\">{\"@context\":\"https:\/\/schema.org\",\"@graph\":[{\"@type\":\"WebPage\",\"@id\":\"https:\/\/lusol.wunapps.com\/index.php\/producto\/protector-de-ladrillos-y-tejas\/\",\"url\":\"https:\/\/lusol.wunapps.com\/index.php\/producto\/protector-de-ladrillos-y-tejas\/\",\"name\":\"Protector de Ladrillos y Tejas - Lusol\",\"isPartOf\":{\"@id\":\"https:\/\/lusol.wunapps.com\/#website\"},\"primaryImageOfPage\":{\"@id\":\"https:\/\/lusol.wunapps.com\/index.php\/producto\/protector-de-ladrillos-y-tejas\/#primaryimage\"},\"image\":{\"@id\":\"https:\/\/lusol.wunapps.com\/index.php\/producto\/protector-de-ladrillos-y-tejas\/#primaryimage\"},\"thumbnailUrl\":\"https:\/\/lusol.wunapps.com\/wp-content\/uploads\/2018\/01\/LUSOL-Protector-de-ladrillos-y-tejas-2-scaled.jpg\",\"datePublished\":\"2017-12-19T16:39:39+00:00\",\"dateModified\":\"2023-05-24T22:24:10+00:00\",\"breadcrumb\":{\"@id\":\"https:\/\/lusol.wunapps.com\/index.php\/producto\/protector-de-ladrillos-y-tejas\/#breadcrumb\"},\"inLanguage\":\"es\",\"potentialAction\":[{\"@type\":\"ReadAction\",\"target\":[\"https:\/\/lusol.wunapps.com\/index.php\/producto\/protector-de-ladrillos-y-tejas\/\"]}]},{\"@type\":\"ImageObject\",\"inLanguage\":\"es\",\"@id\":\"https:\/\/lusol.wunapps.com\/index.php\/producto\/protector-de-ladrillos-y-tejas\/#primaryimage\",\"url\":\"https:\/\/lusol.wunapps.com\/wp-content\/uploads\/2018\/01\/LUSOL-Protector-de-ladrillos-y-tejas-2-scaled.jpg\",\"contentUrl\":\"https:\/\/lusol.wunapps.com\/wp-content\/uploads\/2018\/01\/LUSOL-Protector-de-ladrillos-y-tejas-2-scaled.jpg\",\"width\":2455,\"height\":2560},{\"@type\":\"BreadcrumbList\",\"@id\":\"https:\/\/lusol.wunapps.com\/index.php\/producto\/protector-de-ladrillos-y-tejas\/#breadcrumb\",\"itemListElement\":[{\"@type\":\"ListItem\",\"position\":1,\"name\":\"Portada\",\"item\":\"https:\/\/lusol.wunapps.com\/\"},{\"@type\":\"ListItem\",\"position\":2,\"name\":\"LUSOL Pinturas\",\"item\":\"https:\/\/lusol.wunapps.com\/\"},{\"@type\":\"ListItem\",\"position\":3,\"name\":\"Protector de Ladrillos y Tejas\"}]},{\"@type\":\"WebSite\",\"@id\":\"https:\/\/lusol.wunapps.com\/#website\",\"url\":\"https:\/\/lusol.wunapps.com\/\",\"name\":\"LUSOL Pinturas\",\"description\":\"\",\"potentialAction\":[{\"@type\":\"SearchAction\",\"target\":{\"@type\":\"EntryPoint\",\"urlTemplate\":\"https:\/\/lusol.wunapps.com\/?s={search_term_string}\"},\"query-input\":{\"@type\":\"PropertyValueSpecification\",\"valueRequired\":true,\"valueName\":\"search_term_string\"}}],\"inLanguage\":\"es\"}]}<\/script>\n<!-- \/ Yoast SEO plugin. -->","yoast_head_json":{"title":"Protector de Ladrillos y Tejas - Lusol","robots":{"index":"index","follow":"follow","max-snippet":"max-snippet:-1","max-image-preview":"max-image-preview:large","max-video-preview":"max-video-preview:-1"},"canonical":"https:\/\/lusol.wunapps.com\/index.php\/producto\/protector-de-ladrillos-y-tejas\/","og_locale":"es_ES","og_type":"article","og_title":"Protector de Ladrillos y Tejas - Lusol","og_description":"PROTECTOR DE LADRILLOS Y TEJAS   Repele el agua y la humedad  Impregnante siliconado, no genera pel\u00edcula  Previene la formaci\u00f3n de hongos y algas  Conserva el aspecto y color natural de la superficie  Impregnante siliconado destinado a hidrofugar superficies altamente absorbentes al agua de lluvia, produciendo una barrera impermeable. Contribuye en forma directa a evitar la formaci\u00f3n de hongos sobre las paredes y evitar la disoluci\u00f3n de sales alcalinas que son trasladadas a la superficie en forma de manchas blanquecinas. Al mantener completamente seca la superficie contribuye a la aislaci\u00f3n t\u00e9rmica de las paredes. Mantiene el aspecto natural, sin modificar su apariencia original, de superficies verticales interiores y exteriores de ladrillo a la vista, bolseados enrasados, hormig\u00f3n, bloques de hormig\u00f3n premoldeados, fibrocemento, revoques, tejas, piedras, lajas y cer\u00e1micos no esmaltados.      Rendimiento Secado Acabado   1L cada 4m2 (trabajo terminado) 2 horas No dejar secar entre manos Conserva el aspecto original de la superficie    Ver ficha t\u00e9cnica","og_url":"https:\/\/lusol.wunapps.com\/index.php\/producto\/protector-de-ladrillos-y-tejas\/","og_site_name":"LUSOL Pinturas","article_modified_time":"2023-05-24T22:24:10+00:00","og_image":[{"width":2455,"height":2560,"url":"https:\/\/lusol.wunapps.com\/wp-content\/uploads\/2018\/01\/LUSOL-Protector-de-ladrillos-y-tejas-2-scaled.jpg","type":"image\/jpeg"}],"twitter_card":"summary_large_image","schema":{"@context":"https:\/\/schema.org","@graph":[{"@type":"WebPage","@id":"https:\/\/lusol.wunapps.com\/index.php\/producto\/protector-de-ladrillos-y-tejas\/","url":"https:\/\/lusol.wunapps.com\/index.php\/producto\/protector-de-ladrillos-y-tejas\/","name":"Protector de Ladrillos y Tejas - Lusol","isPartOf":{"@id":"https:\/\/lusol.wunapps.com\/#website"},"primaryImageOfPage":{"@id":"https:\/\/lusol.wunapps.com\/index.php\/producto\/protector-de-ladrillos-y-tejas\/#primaryimage"},"image":{"@id":"https:\/\/lusol.wunapps.com\/index.php\/producto\/protector-de-ladrillos-y-tejas\/#primaryimage"},"thumbnailUrl":"https:\/\/lusol.wunapps.com\/wp-content\/uploads\/2018\/01\/LUSOL-Protector-de-ladrillos-y-tejas-2-scaled.jpg","datePublished":"2017-12-19T16:39:39+00:00","dateModified":"2023-05-24T22:24:10+00:00","breadcrumb":{"@id":"https:\/\/lusol.wunapps.com\/index.php\/producto\/protector-de-ladrillos-y-tejas\/#breadcrumb"},"inLanguage":"es","potentialAction":[{"@type":"ReadAction","target":["https:\/\/lusol.wunapps.com\/index.php\/producto\/protector-de-ladrillos-y-tejas\/"]}]},{"@type":"ImageObject","inLanguage":"es","@id":"https:\/\/lusol.wunapps.com\/index.php\/producto\/protector-de-ladrillos-y-tejas\/#primaryimage","url":"https:\/\/lusol.wunapps.com\/wp-content\/uploads\/2018\/01\/LUSOL-Protector-de-ladrillos-y-tejas-2-scaled.jpg","contentUrl":"https:\/\/lusol.wunapps.com\/wp-content\/uploads\/2018\/01\/LUSOL-Protector-de-ladrillos-y-tejas-2-scaled.jpg","width":2455,"height":2560},{"@type":"BreadcrumbList","@id":"https:\/\/lusol.wunapps.com\/index.php\/producto\/protector-de-ladrillos-y-tejas\/#breadcrumb","itemListElement":[{"@type":"ListItem","position":1,"name":"Portada","item":"https:\/\/lusol.wunapps.com\/"},{"@type":"ListItem","position":2,"name":"LUSOL Pinturas","item":"https:\/\/lusol.wunapps.com\/"},{"@type":"ListItem","position":3,"name":"Protector de Ladrillos y Tejas"}]},{"@type":"WebSite","@id":"https:\/\/lusol.wunapps.com\/#website","url":"https:\/\/lusol.wunapps.com\/","name":"LUSOL Pinturas","description":"","potentialAction":[{"@type":"SearchAction","target":{"@type":"EntryPoint","urlTemplate":"https:\/\/lusol.wunapps.com\/?s={search_term_string}"},"query-input":{"@type":"PropertyValueSpecification","valueRequired":true,"valueName":"search_term_string"}}],"inLanguage":"es"}]}},"_links":{"self":[{"href":"https:\/\/lusol.wunapps.com\/index.php\/wp-json\/wp\/v2\/product\/74","targetHints":{"allow":["GET"]}}],"collection":[{"href":"https:\/\/lusol.wunapps.com\/index.php\/wp-json\/wp\/v2\/product"}],"about":[{"href":"https:\/\/lusol.wunapps.com\/index.php\/wp-json\/wp\/v2\/types\/product"}],"wp:featuredmedia":[{"embeddable":true,"href":"https:\/\/lusol.wunapps.com\/index.php\/wp-json\/wp\/v2\/media\/246"}],"wp:attachment":[{"href":"https:\/\/lusol.wunapps.com\/index.php\/wp-json\/wp\/v2\/media?parent=74"}],"wp:term":[{"taxonomy":"product_brand","embeddable":true,"href":"https:\/\/lusol.wunapps.com\/index.php\/wp-json\/wp\/v2\/product_brand?post=74"},{"taxonomy":"product_cat","embeddable":true,"href":"https:\/\/lusol.wunapps.com\/index.php\/wp-json\/wp\/v2\/product_cat?post=74"},{"taxonomy":"product_tag","embeddable":true,"href":"https:\/\/lusol.wunapps.com\/index.php\/wp-json\/wp\/v2\/product_tag?post=74"}],"curies":[{"name":"wp","href":"https:\/\/api.w.org\/{rel}","templated":true}]}}