{"id":72,"date":"2017-12-19T16:36:58","date_gmt":"2017-12-19T16:36:58","guid":{"rendered":"http:\/\/localhost\/weblusol\/?post_type=product&#038;p=72"},"modified":"2023-05-24T19:24:20","modified_gmt":"2023-05-24T22:24:20","slug":"pintura-para-piletas","status":"publish","type":"product","link":"https:\/\/lusol.wunapps.com\/index.php\/producto\/pintura-para-piletas\/","title":{"rendered":"Pintura para Piletas"},"content":{"rendered":"","protected":false},"excerpt":{"rendered":"<h2><span style=\"color: #ff7d23;\"><strong>PINTURA PARA PILETAS<\/strong><\/span><\/h2>\n<ul>\n<li style=\"text-align: left;\">Muy f\u00e1cil de aplicar<\/li>\n<li style=\"text-align: left;\">Excelente resistencia a productos qu\u00edmicos<\/li>\n<li style=\"text-align: left;\">R\u00e1pido secado y bajo olor<\/li>\n<li style=\"text-align: left;\">\u00d3ptima adherencia<\/li>\n<\/ul>\n<p>Pintura l\u00e1tex de acabado mate para pileta de nataci\u00f3n de muy f\u00e1cil aplicaci\u00f3n y excelente poder cubritivo. Posee una \u00f3ptima adherencia y excelente resistencia al agua y los productos qu\u00edmicos, otorgando mayor protecci\u00f3n y duraci\u00f3n. Ideal para piletas de nataci\u00f3n de hormig\u00f3n y superficies con revoques cement\u00edcios.<\/p>\n<p><img loading=\"lazy\" decoding=\"async\" class=\"alignnone wp-image-205\" src=\"https:\/\/lusol.wunapps.com\/wp-content\/uploads\/2017\/12\/Colores-piletas.png\" alt=\"\" width=\"481\" height=\"172\" srcset=\"https:\/\/lusol.wunapps.com\/wp-content\/uploads\/2017\/12\/Colores-piletas.png 335w, https:\/\/lusol.wunapps.com\/wp-content\/uploads\/2017\/12\/Colores-piletas-300x107.png 300w\" sizes=\"auto, (max-width: 481px) 100vw, 481px\" \/><\/p>\n<table class=\"aligncenter\">\n<tbody>\n<tr>\n<th style=\"text-align: center;\">Rendimiento<\/th>\n<th>Secado<\/th>\n<th>Acabado<\/th>\n<\/tr>\n<tr>\n<td>12 a 16m2<br \/>\n(por litro y por mano)<\/td>\n<td>3 horas<br \/>\nRepintado a las 6 horas<\/td>\n<td>Mate<\/td>\n<\/tr>\n<\/tbody>\n<\/table>\n<p><a class=\"btn btn-dark\" href=\"https:\/\/lusol.wunapps.com\/wp-content\/uploads\/2017\/12\/FICHA-TECNICA-LUSOL_PISCINAS.pdf\" target=\"_blank\" rel=\"noopener\">Ver ficha t\u00e9cnica<\/a><\/p>\n<p><a class=\"btn btn-dark\" href=\"https:\/\/lusol.wunapps.com\/wp-content\/uploads\/2018\/01\/Piletas-Lusol-Carta-de-Colores.pdf\" target=\"_blank\" rel=\"noopener\">Ver paleta de colores<\/a><\/p>\n","protected":false},"featured_media":37,"template":"","meta":{"_acf_changed":false},"product_brand":[],"product_cat":[25],"product_tag":[],"class_list":{"0":"post-72","1":"product","2":"type-product","3":"status-publish","4":"has-post-thumbnail","6":"product_cat-especialidades","8":"first","9":"instock","10":"shipping-taxable","11":"product-type-simple"},"acf":[],"yoast_head":"<!-- This site is optimized with the Yoast SEO plugin v26.5 - https:\/\/yoast.com\/wordpress\/plugins\/seo\/ -->\n<title>Pintura para Piletas - Lusol<\/title>\n<meta name=\"robots\" content=\"index, follow, max-snippet:-1, max-image-preview:large, max-video-preview:-1\" \/>\n<link rel=\"canonical\" href=\"https:\/\/lusol.wunapps.com\/index.php\/producto\/pintura-para-piletas\/\" \/>\n<meta property=\"og:locale\" content=\"es_ES\" \/>\n<meta property=\"og:type\" content=\"article\" \/>\n<meta property=\"og:title\" content=\"Pintura para Piletas - Lusol\" \/>\n<meta property=\"og:description\" content=\"PINTURA PARA PILETAS   Muy f\u00e1cil de aplicar  Excelente resistencia a productos qu\u00edmicos  R\u00e1pido secado y bajo olor  \u00d3ptima adherencia  Pintura l\u00e1tex de acabado mate para pileta de nataci\u00f3n de muy f\u00e1cil aplicaci\u00f3n y excelente poder cubritivo. Posee una \u00f3ptima adherencia y excelente resistencia al agua y los productos qu\u00edmicos, otorgando mayor protecci\u00f3n y duraci\u00f3n. Ideal para piletas de nataci\u00f3n de hormig\u00f3n y superficies con revoques cement\u00edcios.      Rendimiento Secado Acabado   12 a 16m2 (por litro y por mano) 3 horas Repintado a las 6 horas Mate    Ver ficha t\u00e9cnica  Ver paleta de colores\" \/>\n<meta property=\"og:url\" content=\"https:\/\/lusol.wunapps.com\/index.php\/producto\/pintura-para-piletas\/\" \/>\n<meta property=\"og:site_name\" content=\"LUSOL Pinturas\" \/>\n<meta property=\"article:modified_time\" content=\"2023-05-24T22:24:20+00:00\" \/>\n<meta property=\"og:image\" content=\"https:\/\/lusol.wunapps.com\/wp-content\/uploads\/2017\/12\/LUSOL-Pintura-para-piletas-1-scaled.jpg\" \/>\n\t<meta property=\"og:image:width\" content=\"2455\" \/>\n\t<meta property=\"og:image:height\" content=\"2560\" \/>\n\t<meta property=\"og:image:type\" content=\"image\/jpeg\" \/>\n<meta name=\"twitter:card\" content=\"summary_large_image\" \/>\n<script type=\"application\/ld+json\" class=\"yoast-schema-graph\">{\"@context\":\"https:\/\/schema.org\",\"@graph\":[{\"@type\":\"WebPage\",\"@id\":\"https:\/\/lusol.wunapps.com\/index.php\/producto\/pintura-para-piletas\/\",\"url\":\"https:\/\/lusol.wunapps.com\/index.php\/producto\/pintura-para-piletas\/\",\"name\":\"Pintura para Piletas - Lusol\",\"isPartOf\":{\"@id\":\"https:\/\/lusol.wunapps.com\/#website\"},\"primaryImageOfPage\":{\"@id\":\"https:\/\/lusol.wunapps.com\/index.php\/producto\/pintura-para-piletas\/#primaryimage\"},\"image\":{\"@id\":\"https:\/\/lusol.wunapps.com\/index.php\/producto\/pintura-para-piletas\/#primaryimage\"},\"thumbnailUrl\":\"https:\/\/lusol.wunapps.com\/wp-content\/uploads\/2017\/12\/LUSOL-Pintura-para-piletas-1-scaled.jpg\",\"datePublished\":\"2017-12-19T16:36:58+00:00\",\"dateModified\":\"2023-05-24T22:24:20+00:00\",\"breadcrumb\":{\"@id\":\"https:\/\/lusol.wunapps.com\/index.php\/producto\/pintura-para-piletas\/#breadcrumb\"},\"inLanguage\":\"es\",\"potentialAction\":[{\"@type\":\"ReadAction\",\"target\":[\"https:\/\/lusol.wunapps.com\/index.php\/producto\/pintura-para-piletas\/\"]}]},{\"@type\":\"ImageObject\",\"inLanguage\":\"es\",\"@id\":\"https:\/\/lusol.wunapps.com\/index.php\/producto\/pintura-para-piletas\/#primaryimage\",\"url\":\"https:\/\/lusol.wunapps.com\/wp-content\/uploads\/2017\/12\/LUSOL-Pintura-para-piletas-1-scaled.jpg\",\"contentUrl\":\"https:\/\/lusol.wunapps.com\/wp-content\/uploads\/2017\/12\/LUSOL-Pintura-para-piletas-1-scaled.jpg\",\"width\":2455,\"height\":2560},{\"@type\":\"BreadcrumbList\",\"@id\":\"https:\/\/lusol.wunapps.com\/index.php\/producto\/pintura-para-piletas\/#breadcrumb\",\"itemListElement\":[{\"@type\":\"ListItem\",\"position\":1,\"name\":\"Portada\",\"item\":\"https:\/\/lusol.wunapps.com\/\"},{\"@type\":\"ListItem\",\"position\":2,\"name\":\"LUSOL Pinturas\",\"item\":\"https:\/\/lusol.wunapps.com\/\"},{\"@type\":\"ListItem\",\"position\":3,\"name\":\"Pintura para Piletas\"}]},{\"@type\":\"WebSite\",\"@id\":\"https:\/\/lusol.wunapps.com\/#website\",\"url\":\"https:\/\/lusol.wunapps.com\/\",\"name\":\"LUSOL Pinturas\",\"description\":\"\",\"potentialAction\":[{\"@type\":\"SearchAction\",\"target\":{\"@type\":\"EntryPoint\",\"urlTemplate\":\"https:\/\/lusol.wunapps.com\/?s={search_term_string}\"},\"query-input\":{\"@type\":\"PropertyValueSpecification\",\"valueRequired\":true,\"valueName\":\"search_term_string\"}}],\"inLanguage\":\"es\"}]}<\/script>\n<!-- \/ Yoast SEO plugin. -->","yoast_head_json":{"title":"Pintura para Piletas - Lusol","robots":{"index":"index","follow":"follow","max-snippet":"max-snippet:-1","max-image-preview":"max-image-preview:large","max-video-preview":"max-video-preview:-1"},"canonical":"https:\/\/lusol.wunapps.com\/index.php\/producto\/pintura-para-piletas\/","og_locale":"es_ES","og_type":"article","og_title":"Pintura para Piletas - Lusol","og_description":"PINTURA PARA PILETAS   Muy f\u00e1cil de aplicar  Excelente resistencia a productos qu\u00edmicos  R\u00e1pido secado y bajo olor  \u00d3ptima adherencia  Pintura l\u00e1tex de acabado mate para pileta de nataci\u00f3n de muy f\u00e1cil aplicaci\u00f3n y excelente poder cubritivo. Posee una \u00f3ptima adherencia y excelente resistencia al agua y los productos qu\u00edmicos, otorgando mayor protecci\u00f3n y duraci\u00f3n. Ideal para piletas de nataci\u00f3n de hormig\u00f3n y superficies con revoques cement\u00edcios.      Rendimiento Secado Acabado   12 a 16m2 (por litro y por mano) 3 horas Repintado a las 6 horas Mate    Ver ficha t\u00e9cnica  Ver paleta de colores","og_url":"https:\/\/lusol.wunapps.com\/index.php\/producto\/pintura-para-piletas\/","og_site_name":"LUSOL Pinturas","article_modified_time":"2023-05-24T22:24:20+00:00","og_image":[{"width":2455,"height":2560,"url":"https:\/\/lusol.wunapps.com\/wp-content\/uploads\/2017\/12\/LUSOL-Pintura-para-piletas-1-scaled.jpg","type":"image\/jpeg"}],"twitter_card":"summary_large_image","schema":{"@context":"https:\/\/schema.org","@graph":[{"@type":"WebPage","@id":"https:\/\/lusol.wunapps.com\/index.php\/producto\/pintura-para-piletas\/","url":"https:\/\/lusol.wunapps.com\/index.php\/producto\/pintura-para-piletas\/","name":"Pintura para Piletas - Lusol","isPartOf":{"@id":"https:\/\/lusol.wunapps.com\/#website"},"primaryImageOfPage":{"@id":"https:\/\/lusol.wunapps.com\/index.php\/producto\/pintura-para-piletas\/#primaryimage"},"image":{"@id":"https:\/\/lusol.wunapps.com\/index.php\/producto\/pintura-para-piletas\/#primaryimage"},"thumbnailUrl":"https:\/\/lusol.wunapps.com\/wp-content\/uploads\/2017\/12\/LUSOL-Pintura-para-piletas-1-scaled.jpg","datePublished":"2017-12-19T16:36:58+00:00","dateModified":"2023-05-24T22:24:20+00:00","breadcrumb":{"@id":"https:\/\/lusol.wunapps.com\/index.php\/producto\/pintura-para-piletas\/#breadcrumb"},"inLanguage":"es","potentialAction":[{"@type":"ReadAction","target":["https:\/\/lusol.wunapps.com\/index.php\/producto\/pintura-para-piletas\/"]}]},{"@type":"ImageObject","inLanguage":"es","@id":"https:\/\/lusol.wunapps.com\/index.php\/producto\/pintura-para-piletas\/#primaryimage","url":"https:\/\/lusol.wunapps.com\/wp-content\/uploads\/2017\/12\/LUSOL-Pintura-para-piletas-1-scaled.jpg","contentUrl":"https:\/\/lusol.wunapps.com\/wp-content\/uploads\/2017\/12\/LUSOL-Pintura-para-piletas-1-scaled.jpg","width":2455,"height":2560},{"@type":"BreadcrumbList","@id":"https:\/\/lusol.wunapps.com\/index.php\/producto\/pintura-para-piletas\/#breadcrumb","itemListElement":[{"@type":"ListItem","position":1,"name":"Portada","item":"https:\/\/lusol.wunapps.com\/"},{"@type":"ListItem","position":2,"name":"LUSOL Pinturas","item":"https:\/\/lusol.wunapps.com\/"},{"@type":"ListItem","position":3,"name":"Pintura para Piletas"}]},{"@type":"WebSite","@id":"https:\/\/lusol.wunapps.com\/#website","url":"https:\/\/lusol.wunapps.com\/","name":"LUSOL Pinturas","description":"","potentialAction":[{"@type":"SearchAction","target":{"@type":"EntryPoint","urlTemplate":"https:\/\/lusol.wunapps.com\/?s={search_term_string}"},"query-input":{"@type":"PropertyValueSpecification","valueRequired":true,"valueName":"search_term_string"}}],"inLanguage":"es"}]}},"_links":{"self":[{"href":"https:\/\/lusol.wunapps.com\/index.php\/wp-json\/wp\/v2\/product\/72","targetHints":{"allow":["GET"]}}],"collection":[{"href":"https:\/\/lusol.wunapps.com\/index.php\/wp-json\/wp\/v2\/product"}],"about":[{"href":"https:\/\/lusol.wunapps.com\/index.php\/wp-json\/wp\/v2\/types\/product"}],"wp:featuredmedia":[{"embeddable":true,"href":"https:\/\/lusol.wunapps.com\/index.php\/wp-json\/wp\/v2\/media\/37"}],"wp:attachment":[{"href":"https:\/\/lusol.wunapps.com\/index.php\/wp-json\/wp\/v2\/media?parent=72"}],"wp:term":[{"taxonomy":"product_brand","embeddable":true,"href":"https:\/\/lusol.wunapps.com\/index.php\/wp-json\/wp\/v2\/product_brand?post=72"},{"taxonomy":"product_cat","embeddable":true,"href":"https:\/\/lusol.wunapps.com\/index.php\/wp-json\/wp\/v2\/product_cat?post=72"},{"taxonomy":"product_tag","embeddable":true,"href":"https:\/\/lusol.wunapps.com\/index.php\/wp-json\/wp\/v2\/product_tag?post=72"}],"curies":[{"name":"wp","href":"https:\/\/api.w.org\/{rel}","templated":true}]}}