{"id":228,"date":"2017-12-28T20:57:00","date_gmt":"2017-12-28T20:57:00","guid":{"rendered":"http:\/\/local.lusol.com.uy.vfct17011.avnam.net\/?post_type=product&#038;p=228"},"modified":"2023-05-24T19:21:03","modified_gmt":"2023-05-24T22:21:03","slug":"latex-profesional-cielorrasos","status":"publish","type":"product","link":"https:\/\/lusol.wunapps.com\/index.php\/producto\/latex-profesional-cielorrasos\/","title":{"rendered":"L\u00e1tex Profesional Cielorrasos"},"content":{"rendered":"","protected":false},"excerpt":{"rendered":"<h2><span style=\"color: #ff561c;\"><strong>L\u00c1TEX PROFESIONAL CIELORRASOS<\/strong><\/span><\/h2>\n<ul>\n<li style=\"text-align: left;\">Antiohongo<\/li>\n<li>Bajo salpicado<\/li>\n<li>Anticondensante<\/li>\n<li style=\"text-align: left;\">Alto poder cubritivo<\/li>\n<\/ul>\n<p>Pintura antihongo especial para cielorrasos con alto poder cubritivo, f\u00e1cil aplicaci\u00f3n y bajo salpicado. Su alta porosidad evita los problemas t\u00edpicos de condensaci\u00f3n.<\/p>\n<p><img loading=\"lazy\" decoding=\"async\" class=\"alignnone wp-image-209\" src=\"https:\/\/lusol.wunapps.com\/wp-content\/uploads\/2017\/12\/Solo-blanco.png\" alt=\"\" width=\"357\" height=\"107\" srcset=\"https:\/\/lusol.wunapps.com\/wp-content\/uploads\/2017\/12\/Solo-blanco.png 307w, https:\/\/lusol.wunapps.com\/wp-content\/uploads\/2017\/12\/Solo-blanco-300x90.png 300w\" sizes=\"auto, (max-width: 357px) 100vw, 357px\" \/><\/p>\n<table class=\"aligncenter\">\n<tbody>\n<tr>\n<th style=\"text-align: center;\">Rendimiento<\/th>\n<th>Secado<\/th>\n<th>Acabado<\/th>\n<\/tr>\n<tr>\n<td>8 a 10m2<br \/>\n(por litro y por mano)<\/td>\n<td>2 horas<br \/>\nRepintado a las 4 horas<\/td>\n<td>Mate<\/td>\n<\/tr>\n<\/tbody>\n<\/table>\n<p><a class=\"btn btn-dark\" href=\"https:\/\/lusol.wunapps.com\/wp-content\/uploads\/2017\/12\/FICHA-TECNICA-LUSOL_PROFESIONAL-CIELORRASOS-1.pdf\" target=\"_blank\" rel=\"noopener\">Ver ficha t\u00e9cnica<\/a><\/p>\n","protected":false},"featured_media":34,"template":"","meta":{"_acf_changed":false},"product_brand":[],"product_cat":[23],"product_tag":[],"class_list":{"0":"post-228","1":"product","2":"type-product","3":"status-publish","4":"has-post-thumbnail","6":"product_cat-latex-profesionales-y-obra-lusol","8":"first","9":"instock","10":"shipping-taxable","11":"product-type-simple"},"acf":[],"yoast_head":"<!-- This site is optimized with the Yoast SEO plugin v26.5 - https:\/\/yoast.com\/wordpress\/plugins\/seo\/ -->\n<title>L\u00e1tex Profesional Cielorrasos - Lusol<\/title>\n<meta name=\"robots\" content=\"index, follow, max-snippet:-1, max-image-preview:large, max-video-preview:-1\" \/>\n<link rel=\"canonical\" href=\"https:\/\/lusol.wunapps.com\/index.php\/producto\/latex-profesional-cielorrasos\/\" \/>\n<meta property=\"og:locale\" content=\"es_ES\" \/>\n<meta property=\"og:type\" content=\"article\" \/>\n<meta property=\"og:title\" content=\"L\u00e1tex Profesional Cielorrasos - Lusol\" \/>\n<meta property=\"og:description\" content=\"L\u00c1TEX PROFESIONAL CIELORRASOS   Antiohongo  Bajo salpicado  Anticondensante  Alto poder cubritivo  Pintura antihongo especial para cielorrasos con alto poder cubritivo, f\u00e1cil aplicaci\u00f3n y bajo salpicado. Su alta porosidad evita los problemas t\u00edpicos de condensaci\u00f3n.      Rendimiento Secado Acabado   8 a 10m2 (por litro y por mano) 2 horas Repintado a las 4 horas Mate    Ver ficha t\u00e9cnica\" \/>\n<meta property=\"og:url\" content=\"https:\/\/lusol.wunapps.com\/index.php\/producto\/latex-profesional-cielorrasos\/\" \/>\n<meta property=\"og:site_name\" content=\"LUSOL Pinturas\" \/>\n<meta property=\"article:modified_time\" content=\"2023-05-24T22:21:03+00:00\" \/>\n<meta property=\"og:image\" content=\"https:\/\/lusol.wunapps.com\/wp-content\/uploads\/2017\/12\/LUSOL-Profesional-la\u0301tex-para-cielorrasos-scaled.png\" \/>\n\t<meta property=\"og:image:width\" content=\"2455\" \/>\n\t<meta property=\"og:image:height\" content=\"2560\" \/>\n\t<meta property=\"og:image:type\" content=\"image\/png\" \/>\n<meta name=\"twitter:card\" content=\"summary_large_image\" \/>\n<script type=\"application\/ld+json\" class=\"yoast-schema-graph\">{\"@context\":\"https:\/\/schema.org\",\"@graph\":[{\"@type\":\"WebPage\",\"@id\":\"https:\/\/lusol.wunapps.com\/index.php\/producto\/latex-profesional-cielorrasos\/\",\"url\":\"https:\/\/lusol.wunapps.com\/index.php\/producto\/latex-profesional-cielorrasos\/\",\"name\":\"L\u00e1tex Profesional Cielorrasos - Lusol\",\"isPartOf\":{\"@id\":\"https:\/\/lusol.wunapps.com\/#website\"},\"primaryImageOfPage\":{\"@id\":\"https:\/\/lusol.wunapps.com\/index.php\/producto\/latex-profesional-cielorrasos\/#primaryimage\"},\"image\":{\"@id\":\"https:\/\/lusol.wunapps.com\/index.php\/producto\/latex-profesional-cielorrasos\/#primaryimage\"},\"thumbnailUrl\":\"https:\/\/lusol.wunapps.com\/wp-content\/uploads\/2017\/12\/LUSOL-Profesional-la\u0301tex-para-cielorrasos-scaled.png\",\"datePublished\":\"2017-12-28T20:57:00+00:00\",\"dateModified\":\"2023-05-24T22:21:03+00:00\",\"breadcrumb\":{\"@id\":\"https:\/\/lusol.wunapps.com\/index.php\/producto\/latex-profesional-cielorrasos\/#breadcrumb\"},\"inLanguage\":\"es\",\"potentialAction\":[{\"@type\":\"ReadAction\",\"target\":[\"https:\/\/lusol.wunapps.com\/index.php\/producto\/latex-profesional-cielorrasos\/\"]}]},{\"@type\":\"ImageObject\",\"inLanguage\":\"es\",\"@id\":\"https:\/\/lusol.wunapps.com\/index.php\/producto\/latex-profesional-cielorrasos\/#primaryimage\",\"url\":\"https:\/\/lusol.wunapps.com\/wp-content\/uploads\/2017\/12\/LUSOL-Profesional-la\u0301tex-para-cielorrasos-scaled.png\",\"contentUrl\":\"https:\/\/lusol.wunapps.com\/wp-content\/uploads\/2017\/12\/LUSOL-Profesional-la\u0301tex-para-cielorrasos-scaled.png\",\"width\":2455,\"height\":2560},{\"@type\":\"BreadcrumbList\",\"@id\":\"https:\/\/lusol.wunapps.com\/index.php\/producto\/latex-profesional-cielorrasos\/#breadcrumb\",\"itemListElement\":[{\"@type\":\"ListItem\",\"position\":1,\"name\":\"Portada\",\"item\":\"https:\/\/lusol.wunapps.com\/\"},{\"@type\":\"ListItem\",\"position\":2,\"name\":\"LUSOL Pinturas\",\"item\":\"https:\/\/lusol.wunapps.com\/\"},{\"@type\":\"ListItem\",\"position\":3,\"name\":\"L\u00e1tex Profesional Cielorrasos\"}]},{\"@type\":\"WebSite\",\"@id\":\"https:\/\/lusol.wunapps.com\/#website\",\"url\":\"https:\/\/lusol.wunapps.com\/\",\"name\":\"LUSOL Pinturas\",\"description\":\"\",\"potentialAction\":[{\"@type\":\"SearchAction\",\"target\":{\"@type\":\"EntryPoint\",\"urlTemplate\":\"https:\/\/lusol.wunapps.com\/?s={search_term_string}\"},\"query-input\":{\"@type\":\"PropertyValueSpecification\",\"valueRequired\":true,\"valueName\":\"search_term_string\"}}],\"inLanguage\":\"es\"}]}<\/script>\n<!-- \/ Yoast SEO plugin. -->","yoast_head_json":{"title":"L\u00e1tex Profesional Cielorrasos - Lusol","robots":{"index":"index","follow":"follow","max-snippet":"max-snippet:-1","max-image-preview":"max-image-preview:large","max-video-preview":"max-video-preview:-1"},"canonical":"https:\/\/lusol.wunapps.com\/index.php\/producto\/latex-profesional-cielorrasos\/","og_locale":"es_ES","og_type":"article","og_title":"L\u00e1tex Profesional Cielorrasos - Lusol","og_description":"L\u00c1TEX PROFESIONAL CIELORRASOS   Antiohongo  Bajo salpicado  Anticondensante  Alto poder cubritivo  Pintura antihongo especial para cielorrasos con alto poder cubritivo, f\u00e1cil aplicaci\u00f3n y bajo salpicado. Su alta porosidad evita los problemas t\u00edpicos de condensaci\u00f3n.      Rendimiento Secado Acabado   8 a 10m2 (por litro y por mano) 2 horas Repintado a las 4 horas Mate    Ver ficha t\u00e9cnica","og_url":"https:\/\/lusol.wunapps.com\/index.php\/producto\/latex-profesional-cielorrasos\/","og_site_name":"LUSOL Pinturas","article_modified_time":"2023-05-24T22:21:03+00:00","og_image":[{"width":2455,"height":2560,"url":"https:\/\/lusol.wunapps.com\/wp-content\/uploads\/2017\/12\/LUSOL-Profesional-la\u0301tex-para-cielorrasos-scaled.png","type":"image\/png"}],"twitter_card":"summary_large_image","schema":{"@context":"https:\/\/schema.org","@graph":[{"@type":"WebPage","@id":"https:\/\/lusol.wunapps.com\/index.php\/producto\/latex-profesional-cielorrasos\/","url":"https:\/\/lusol.wunapps.com\/index.php\/producto\/latex-profesional-cielorrasos\/","name":"L\u00e1tex Profesional Cielorrasos - Lusol","isPartOf":{"@id":"https:\/\/lusol.wunapps.com\/#website"},"primaryImageOfPage":{"@id":"https:\/\/lusol.wunapps.com\/index.php\/producto\/latex-profesional-cielorrasos\/#primaryimage"},"image":{"@id":"https:\/\/lusol.wunapps.com\/index.php\/producto\/latex-profesional-cielorrasos\/#primaryimage"},"thumbnailUrl":"https:\/\/lusol.wunapps.com\/wp-content\/uploads\/2017\/12\/LUSOL-Profesional-la\u0301tex-para-cielorrasos-scaled.png","datePublished":"2017-12-28T20:57:00+00:00","dateModified":"2023-05-24T22:21:03+00:00","breadcrumb":{"@id":"https:\/\/lusol.wunapps.com\/index.php\/producto\/latex-profesional-cielorrasos\/#breadcrumb"},"inLanguage":"es","potentialAction":[{"@type":"ReadAction","target":["https:\/\/lusol.wunapps.com\/index.php\/producto\/latex-profesional-cielorrasos\/"]}]},{"@type":"ImageObject","inLanguage":"es","@id":"https:\/\/lusol.wunapps.com\/index.php\/producto\/latex-profesional-cielorrasos\/#primaryimage","url":"https:\/\/lusol.wunapps.com\/wp-content\/uploads\/2017\/12\/LUSOL-Profesional-la\u0301tex-para-cielorrasos-scaled.png","contentUrl":"https:\/\/lusol.wunapps.com\/wp-content\/uploads\/2017\/12\/LUSOL-Profesional-la\u0301tex-para-cielorrasos-scaled.png","width":2455,"height":2560},{"@type":"BreadcrumbList","@id":"https:\/\/lusol.wunapps.com\/index.php\/producto\/latex-profesional-cielorrasos\/#breadcrumb","itemListElement":[{"@type":"ListItem","position":1,"name":"Portada","item":"https:\/\/lusol.wunapps.com\/"},{"@type":"ListItem","position":2,"name":"LUSOL Pinturas","item":"https:\/\/lusol.wunapps.com\/"},{"@type":"ListItem","position":3,"name":"L\u00e1tex Profesional Cielorrasos"}]},{"@type":"WebSite","@id":"https:\/\/lusol.wunapps.com\/#website","url":"https:\/\/lusol.wunapps.com\/","name":"LUSOL Pinturas","description":"","potentialAction":[{"@type":"SearchAction","target":{"@type":"EntryPoint","urlTemplate":"https:\/\/lusol.wunapps.com\/?s={search_term_string}"},"query-input":{"@type":"PropertyValueSpecification","valueRequired":true,"valueName":"search_term_string"}}],"inLanguage":"es"}]}},"_links":{"self":[{"href":"https:\/\/lusol.wunapps.com\/index.php\/wp-json\/wp\/v2\/product\/228","targetHints":{"allow":["GET"]}}],"collection":[{"href":"https:\/\/lusol.wunapps.com\/index.php\/wp-json\/wp\/v2\/product"}],"about":[{"href":"https:\/\/lusol.wunapps.com\/index.php\/wp-json\/wp\/v2\/types\/product"}],"wp:featuredmedia":[{"embeddable":true,"href":"https:\/\/lusol.wunapps.com\/index.php\/wp-json\/wp\/v2\/media\/34"}],"wp:attachment":[{"href":"https:\/\/lusol.wunapps.com\/index.php\/wp-json\/wp\/v2\/media?parent=228"}],"wp:term":[{"taxonomy":"product_brand","embeddable":true,"href":"https:\/\/lusol.wunapps.com\/index.php\/wp-json\/wp\/v2\/product_brand?post=228"},{"taxonomy":"product_cat","embeddable":true,"href":"https:\/\/lusol.wunapps.com\/index.php\/wp-json\/wp\/v2\/product_cat?post=228"},{"taxonomy":"product_tag","embeddable":true,"href":"https:\/\/lusol.wunapps.com\/index.php\/wp-json\/wp\/v2\/product_tag?post=228"}],"curies":[{"name":"wp","href":"https:\/\/api.w.org\/{rel}","templated":true}]}}